{"id":43,"date":"2019-10-29T14:13:48","date_gmt":"2019-10-29T13:13:48","guid":{"rendered":"https:\/\/alofet.neel.cnrs.fr\/?page_id=43"},"modified":"2025-07-23T15:51:39","modified_gmt":"2025-07-23T13:51:39","slug":"page-dexemple-3","status":"publish","type":"page","link":"https:\/\/alofet.neel.cnrs.fr\/index.php\/page-dexemple-3\/","title":{"rendered":"NEWS &#038; EVENTS"},"content":{"rendered":"\n<p class=\"has-luminous-vivid-amber-color has-text-color has-huge-font-size\">Upcoming events<\/p>\n\n\n\n<div class=\"wp-block-media-text alignwide is-stacked-on-mobile is-vertically-aligned-top\" style=\"grid-template-columns:15% auto\"><figure class=\"wp-block-media-text__media\"><img decoding=\"async\" src=\"https:\/\/alofet.neel.cnrs.fr\/wp-content\/uploads\/2024\/02\/cropped-Screenshot-2024-02-07-at-17.35.05.png\" alt=\"\" class=\"wp-image-1776 size-medium\"\/><\/figure><div class=\"wp-block-media-text__content\">\n<figure class=\"wp-block-image size-full\"><img loading=\"lazy\" decoding=\"async\" width=\"238\" height=\"291\" src=\"https:\/\/alofet.neel.cnrs.fr\/wp-content\/uploads\/2025\/07\/Logo-WGROM.jpg\" alt=\"\" class=\"wp-image-2054\" srcset=\"https:\/\/alofet.neel.cnrs.fr\/wp-content\/uploads\/2025\/07\/Logo-WGROM.jpg 238w, https:\/\/alofet.neel.cnrs.fr\/wp-content\/uploads\/2025\/07\/Logo-WGROM-49x60.jpg 49w\" sizes=\"auto, (max-width: 238px) 100vw, 238px\" \/><\/figure>\n\n\n\n<p><strong><a href=\"https:\/\/wgorm.sciencesconf.org\/\">Workshop on Gallium Oxide and Related Materials<\/a><\/strong><br>workshop on gallium oxide and related materials, Grenoble, France, September 29-30, 2025<\/p>\n<\/div><\/div>\n\n\n\n<p class=\"has-luminous-vivid-amber-color has-text-color has-huge-font-size\">Past conferences<\/p>\n\n\n\n<div class=\"wp-block-media-text alignwide is-stacked-on-mobile is-vertically-aligned-top\" style=\"grid-template-columns:15% auto\"><figure class=\"wp-block-media-text__media\"><img decoding=\"async\" src=\"https:\/\/alofet.neel.cnrs.fr\/wp-content\/uploads\/2024\/02\/cropped-Screenshot-2024-02-07-at-17.35.05.png\" alt=\"\" class=\"wp-image-1776 size-medium\"\/><\/figure><div class=\"wp-block-media-text__content\">\n<figure class=\"wp-block-image size-large\"><img loading=\"lazy\" decoding=\"async\" width=\"1024\" height=\"389\" src=\"https:\/\/alofet.neel.cnrs.fr\/wp-content\/uploads\/2025\/02\/UWO-2025-1024x389.png\" alt=\"\" class=\"wp-image-2044\" srcset=\"https:\/\/alofet.neel.cnrs.fr\/wp-content\/uploads\/2025\/02\/UWO-2025-1024x389.png 1024w, https:\/\/alofet.neel.cnrs.fr\/wp-content\/uploads\/2025\/02\/UWO-2025-300x114.png 300w, https:\/\/alofet.neel.cnrs.fr\/wp-content\/uploads\/2025\/02\/UWO-2025-768x291.png 768w, https:\/\/alofet.neel.cnrs.fr\/wp-content\/uploads\/2025\/02\/UWO-2025-1536x583.png 1536w, https:\/\/alofet.neel.cnrs.fr\/wp-content\/uploads\/2025\/02\/UWO-2025-158x60.png 158w, https:\/\/alofet.neel.cnrs.fr\/wp-content\/uploads\/2025\/02\/UWO-2025.png 1950w\" sizes=\"auto, (max-width: 1024px) 100vw, 1024px\" \/><\/figure>\n\n\n\n<p>Coralie Perrier, Aboulaye Traor\u00e9, Etienne Gheeraert and Philippe Ferrandis<br><em><strong><strong><a href=\"https:\/\/alofet.neel.cnrs.fr\/wp-content\/uploads\/2025\/07\/Abstract-UWO-2025.pdf\">Influence of bulk defects on the Schottky barrier height of \u03b2-Ga<sub>2<\/sub>O<sub>3<\/sub> diodes<\/a><\/strong><\/strong><\/em><br>Ultra-Wide Bandgap Oxides Meeting, 25 June 2025, University of Strathclyde, Glosgow, UK<\/p>\n<\/div><\/div>\n\n\n\n<div class=\"wp-block-media-text alignwide is-stacked-on-mobile is-vertically-aligned-top\" style=\"grid-template-columns:15% auto\"><figure class=\"wp-block-media-text__media\"><img decoding=\"async\" src=\"https:\/\/alofet.neel.cnrs.fr\/wp-content\/uploads\/2024\/02\/cropped-Screenshot-2024-02-07-at-17.35.05.png\" alt=\"\" class=\"wp-image-1776 size-medium\"\/><\/figure><div class=\"wp-block-media-text__content\">\n<figure class=\"wp-block-image size-medium is-resized\"><img loading=\"lazy\" decoding=\"async\" width=\"300\" height=\"185\" src=\"https:\/\/alofet.neel.cnrs.fr\/wp-content\/uploads\/2024\/04\/IGWO-Logo-300x185.png\" alt=\"\" class=\"wp-image-1845\" style=\"width:146px;height:auto\" srcset=\"https:\/\/alofet.neel.cnrs.fr\/wp-content\/uploads\/2024\/04\/IGWO-Logo-300x185.png 300w, https:\/\/alofet.neel.cnrs.fr\/wp-content\/uploads\/2024\/04\/IGWO-Logo-97x60.png 97w, https:\/\/alofet.neel.cnrs.fr\/wp-content\/uploads\/2024\/04\/IGWO-Logo.png 510w\" sizes=\"auto, (max-width: 300px) 100vw, 300px\" \/><\/figure>\n\n\n\n<p>Coralie Perrier, Hitoshi Umezawa, Aboulaye Traor\u00e9, Etienne Gheeraert and Philippe Ferrandis<br><em><strong><a href=\"https:\/\/alofet.neel.cnrs.fr\/wp-content\/uploads\/2024\/07\/IWGO-2024_Abstract_PERRIER.pdf\">Characterization of hole trapping in <em><em><strong>\u03b2<\/strong><\/em><\/em>-Ga<sub>2<\/sub>O<sub>3<\/sub> Schottky diode by electron beam induced current<\/a><\/strong><\/em><br>International workshop on gallium oxide and related materials, Berlin, Germany, May 26-31, 2024<\/p>\n\n\n\n<p>Marielena Velasco-Enriquez, Isabelle Gelard, Carmen Jimenez, Herve Roussel, Philippe Ferrandis, Eirini Sarigiannidou, and Vincent Consonni<br><em><strong><a href=\"https:\/\/alofet.neel.cnrs.fr\/wp-content\/uploads\/2024\/07\/IWGO-2024_Abstract_VELASCO-ENRIQUEZ.pdf\">Epitaxial growth of Ga<sub>2<\/sub>O<sub>3<\/sub> thin films using pulsed-liquid injection MOCVD<\/a><\/strong><\/em><br>International workshop on gallium oxide and related materials, Berlin, Germany, May 26-31, 2024<\/p>\n\n\n\n<p>Eva Monroy, Hanako Okuno, Herve Roussel, Jean-Luc Rouvi\u00e8re, Anna Bujak, Andy Seguret, Philippe Ferrandis and Vincent Consonni<br><em><em><strong><a href=\"https:\/\/alofet.neel.cnrs.fr\/wp-content\/uploads\/2024\/07\/IWGO-2024_Abstract_MONROY.pdf\">Molecular beam epitaxy of Al-Polar AlN(0001) on \u03b2-Ga<sub>2<\/sub>O<sub>3<\/sub>(-201)<\/a><\/strong><\/em><\/em><br>International workshop on gallium oxide and related materials, Berlin, Germany, May 26-31, 2024<\/p>\n<\/div><\/div>\n\n\n\n<div class=\"wp-block-media-text alignwide is-stacked-on-mobile is-vertically-aligned-top\" style=\"grid-template-columns:15% auto\"><figure class=\"wp-block-media-text__media\"><img decoding=\"async\" src=\"https:\/\/alofet.neel.cnrs.fr\/wp-content\/uploads\/2021\/07\/kwant2.jpg\" alt=\"\" class=\"wp-image-1171 size-medium\"\/><\/figure><div class=\"wp-block-media-text__content\">\n<figure class=\"wp-block-image size-full is-resized\"><img loading=\"lazy\" decoding=\"async\" width=\"1200\" height=\"174\" src=\"https:\/\/alofet.neel.cnrs.fr\/wp-content\/uploads\/2024\/07\/emrs_2023_banner3.png\" alt=\"\" class=\"wp-image-1971\" style=\"width:600px;height:auto\" srcset=\"https:\/\/alofet.neel.cnrs.fr\/wp-content\/uploads\/2024\/07\/emrs_2023_banner3.png 1200w, https:\/\/alofet.neel.cnrs.fr\/wp-content\/uploads\/2024\/07\/emrs_2023_banner3-300x44.png 300w, https:\/\/alofet.neel.cnrs.fr\/wp-content\/uploads\/2024\/07\/emrs_2023_banner3-1024x148.png 1024w, https:\/\/alofet.neel.cnrs.fr\/wp-content\/uploads\/2024\/07\/emrs_2023_banner3-768x111.png 768w, https:\/\/alofet.neel.cnrs.fr\/wp-content\/uploads\/2024\/07\/emrs_2023_banner3-414x60.png 414w\" sizes=\"auto, (max-width: 1200px) 100vw, 1200px\" \/><\/figure>\n\n\n\n<p class=\"has-medium-font-size\">Anna Bujak, Hanako Okuno, Herve Roussel, Jean-Luc Rouvi\u00e8re, Philippe Ferrandis, Vincent Consonni and Eva Monroy<br><em><strong><a href=\"https:\/\/alofet.neel.cnrs.fr\/wp-content\/uploads\/2024\/07\/Abstrat-Eva-Monroy-E-MRS-2023.pdf\">Plasma-assisted molecular beam epitaxy of wurtzite AlN(0001) on \u03b2-Ga<sub>2<\/sub>O<sub>3<\/sub>(-201)<\/a><\/strong><\/em><br>E-MRS Fall Meeting. Symposium E : Ultrawide bandgap semiconductors for energy and electronics (UWBS2E), Warsaw, Poland, September 18-21, 2023<\/p>\n<\/div><\/div>\n\n\n\n<p class=\"has-luminous-vivid-amber-color has-text-color has-huge-font-size\">Published articles<\/p>\n\n\n\n<div class=\"wp-block-media-text alignwide is-stacked-on-mobile is-vertically-aligned-top\" style=\"grid-template-columns:15% auto\"><figure class=\"wp-block-media-text__media\"><img decoding=\"async\" src=\"https:\/\/alofet.neel.cnrs.fr\/wp-content\/uploads\/2024\/02\/cropped-Screenshot-2024-02-07-at-17.35.05.png\" alt=\"\" class=\"wp-image-1776 size-medium\"\/><\/figure><div class=\"wp-block-media-text__content\">\n<p>Andy Seguret, Hanako Okuno, Herv\u00e9 Roussel, Jean-Luc Rouvie\u0300re, Anna Bujak, Philippe Ferrandis, Edith Bellet-Amalric, Vincent Consonni, and Eva Monroy<br><a href=\"https:\/\/doi.org\/10.1021\/acsmaterialslett.4c02479\"><strong><em>Molecular Beam Epitaxy of Al-Polar Wurtzite AlN(0001) on \u03b2\u2011Ga2O3(\u2011201) Substrates<\/em><\/strong><\/a><br>ACS Materials Lett. 7, 660 (2025)<\/p>\n<\/div><\/div>\n\n\n\n<p class=\"has-luminous-vivid-amber-color has-text-color has-huge-font-size\">PhD defenses<\/p>\n\n\n\n<div class=\"wp-block-media-text alignwide is-stacked-on-mobile is-vertically-aligned-top\" style=\"grid-template-columns:15% auto\"><figure class=\"wp-block-media-text__media\"><img decoding=\"async\" src=\"https:\/\/alofet.neel.cnrs.fr\/wp-content\/uploads\/2024\/02\/cropped-Screenshot-2024-02-07-at-17.35.05.png\" alt=\"\" class=\"wp-image-1776 size-medium\"\/><\/figure><div class=\"wp-block-media-text__content\">\n<p><strong>Coralie Perrier&rsquo;s thesis defense<\/strong><br><strong><em><a href=\"https:\/\/theses.fr\/s295785\">Impact of deep traps on the electrical properties of \u03b2-Ga<sub>2<\/sub>O<sub>3<\/sub> Schottky barrier diodes<\/a><\/em><\/strong><br>January 16, 2024 at 9:30 a.m., Institut N\u00e9el, B\u00e2t. A, salle des s\u00e9minaires<\/p>\n<\/div><\/div>\n\n\n\n\n","protected":false},"excerpt":{"rendered":"<p>Upcoming events Past conferences Published articles Andy Seguret, Hanako Okuno, Herv\u00e9 Roussel, Jean-Luc Rouvie\u0300re, Anna Bujak, Philippe Ferrandis, Edith Bellet-Amalric, Vincent Consonni, and Eva MonroyMolecular Beam Epitaxy of Al-Polar Wurtzite AlN(0001) on \u03b2\u2011Ga2O3(\u2011201) SubstratesACS Materials Lett. 7, 660 (2025) PhD defenses Coralie Perrier&rsquo;s thesis defenseImpact &hellip; <\/p>\n","protected":false},"author":1,"featured_media":0,"parent":0,"menu_order":0,"comment_status":"closed","ping_status":"open","template":"templates\/template-destination.php","meta":{"footnotes":""},"class_list":["post-43","page","type-page","status-publish","hentry"],"_links":{"self":[{"href":"https:\/\/alofet.neel.cnrs.fr\/index.php\/wp-json\/wp\/v2\/pages\/43","targetHints":{"allow":["GET"]}}],"collection":[{"href":"https:\/\/alofet.neel.cnrs.fr\/index.php\/wp-json\/wp\/v2\/pages"}],"about":[{"href":"https:\/\/alofet.neel.cnrs.fr\/index.php\/wp-json\/wp\/v2\/types\/page"}],"author":[{"embeddable":true,"href":"https:\/\/alofet.neel.cnrs.fr\/index.php\/wp-json\/wp\/v2\/users\/1"}],"replies":[{"embeddable":true,"href":"https:\/\/alofet.neel.cnrs.fr\/index.php\/wp-json\/wp\/v2\/comments?post=43"}],"version-history":[{"count":87,"href":"https:\/\/alofet.neel.cnrs.fr\/index.php\/wp-json\/wp\/v2\/pages\/43\/revisions"}],"predecessor-version":[{"id":2058,"href":"https:\/\/alofet.neel.cnrs.fr\/index.php\/wp-json\/wp\/v2\/pages\/43\/revisions\/2058"}],"wp:attachment":[{"href":"https:\/\/alofet.neel.cnrs.fr\/index.php\/wp-json\/wp\/v2\/media?parent=43"}],"curies":[{"name":"wp","href":"https:\/\/api.w.org\/{rel}","templated":true}]}}